{"id":2555,"date":"2021-08-26T15:19:34","date_gmt":"2021-08-26T15:19:34","guid":{"rendered":"https:\/\/www.sigdokoppers.cl\/inversionistas\/invertir-sk\/"},"modified":"2024-12-03T22:52:17","modified_gmt":"2024-12-03T22:52:17","slug":"invertir-sk","status":"publish","type":"page","link":"https:\/\/www.sigdokoppers.cl\/en\/invertir-sk\/","title":{"rendered":"Investment Attractiveness"},"content":{"rendered":"<p>Por qu\u00e9 invertir en SK.<strong>L\u00edneas<\/strong> de negocio.Conoce como Sigdo Koppers implementa su modelo de negocio.QU\u00c9 SOMOS Y QU\u00c9 HACEMOS.Sigdo Koppers s.a. es una compan\u0303i\u0301a global y diversificada que ha logrado posicionarse en distintas industrias de intere\u0301s gracias a su capacidad de identificar nuevas oportunidades de inversio\u0301n. La empresa se encuentra fuertemente comprometida con el desarrollo sostenible de los negocios que realiza, asi\u0301 como la calidad de los productos y servicios que entrega..Nuestra <strong>Cadena de valor<\/strong>.Sigdo Koppers busca posicionarse como un proveedor l\u00edder de servicios y productos para la miner\u00eda y la industria. A partir de ese objetivo y gracias a su mirada a largo plazo, es que nuestro grupo logra analizar las oportunidades de inversi\u00f3n..Desarrollo.Operaci\u00f3n.Proceso.Venta y log\u00edstica.Nuestro <strong>enfoque de inversi\u00f3n<\/strong>&#8230;El compromiso de Sigdo Koppers con sus inversionistas es asegurar el mayor crecimiento y rentabilidad a trave\u0301s de una gestio\u0301n responsable y proactiva, asi\u0301 como un alto nivel de innovacio\u0301n para enfrentar desafi\u0301os complejos..Estrategia <strong>de negocios<\/strong>.El objetivo de la estrategia de negocios de Sigdo Koppers es entregar productos y servicios de excelencia para la miner\u00eda y la industria..Espa\u00f1a.Magotteaux.Australia.Enaex<br \/>\nMagotteaux.Francia.Magotteaux<br \/>\nDavey Bickford.India.Magotteaux.China.Magotteaux.Tailandia.Magotteaux.M\u00e9xico.Magotteaux.B\u00e9lgica.Magotteaux.Innovaci\u00f3n.La estrategia de diversificaci\u00f3n de mercados desarrollada por Sigdo Koppers se basa en una presencia internacional, a trav\u00e9s de plantas productivas y operaciones directas en los cinco continentes..Desempe\u00f1o econ\u00f3mico.Desempe\u00f1o Social.Desempe\u00f1o Ambiental.Desempe\u00f1o econ\u00f3mico.Comprende la viabilidad econ\u00f3mica y financiera, la estructura corporativa, el crecimiento y la rentabilidad del negocio..Desempe\u00f1o Social.Involucra la gesti\u00f3n social con sus grupos de inter\u00e9s,<br \/>\nincluyendo la comunidad, colaboradores, gremios, autoridades, entre otros actores relevantes..Importantes clientes mineros e industriales.Entrega de soluciones relevantes en la miner\u00eda e industria..ENAEX S.A.SK COMERCIAL S.A.SKBERG\u00c9 S.A&#8230;Estrategia <strong>de crecimiento<\/strong>..Nuestra Estrategia.La estrategia de diversificaci\u00f3n de mercados desarrollada por Sigdo Koppers se basa en una presencia internacional, a trav\u00e9s de plantas productivas y operaciones directas en los cinco continentes..Memorias.Accede a las memorias anuales de nuestra empresa.Ver m\u00e1s memorias.Memorias.Desempe\u00f1o Ambiental.Refiere a una gesti\u00f3n responsable con el medioambiente, el cuidado de la biodiversidad y el aprovechamiento sostenible de los recursos naturales..Canad\u00e1.Magotteaux.EEUU.Magotteaux<br \/>\nEnaex<\/p>\n","protected":false},"excerpt":{"rendered":"<p>Por qu\u00e9 invertir en SK.L\u00edneas de negocio.Conoce como Sigdo Koppers implementa su modelo de negocio.QU\u00c9 SOMOS Y QU\u00c9 HACEMOS.Sigdo Koppers s.a. es una compan\u0303i\u0301a global y diversificada que ha logrado posicionarse en distintas industrias de intere\u0301s gracias a su capacidad de identificar nuevas oportunidades de inversio\u0301n. La empresa se encuentra fuertemente comprometida con el desarrollo [&hellip;]<\/p>\n","protected":false},"author":9,"featured_media":0,"parent":0,"menu_order":0,"comment_status":"closed","ping_status":"closed","template":"investors-invest-sk","meta":[],"acf":[],"yoast_head":"<!-- This site is optimized with the Yoast SEO plugin v19.12 - https:\/\/yoast.com\/wordpress\/plugins\/seo\/ -->\n<title>Investment Attractiveness - Sigdo Koppers<\/title>\n<meta name=\"robots\" content=\"index, follow, max-snippet:-1, max-image-preview:large, max-video-preview:-1\" \/>\n<link rel=\"canonical\" href=\"https:\/\/www.sigdokoppers.cl\/en\/invertir-sk\/\" \/>\n<meta property=\"og:locale\" content=\"en_US\" \/>\n<meta property=\"og:type\" content=\"article\" \/>\n<meta property=\"og:title\" content=\"Investment Attractiveness - Sigdo Koppers\" \/>\n<meta property=\"og:description\" content=\"Por qu\u00e9 invertir en SK.L\u00edneas de negocio.Conoce como Sigdo Koppers implementa su modelo de negocio.QU\u00c9 SOMOS Y QU\u00c9 HACEMOS.Sigdo Koppers s.a. es una compan\u0303i\u0301a global y diversificada que ha logrado posicionarse en distintas industrias de intere\u0301s gracias a su capacidad de identificar nuevas oportunidades de inversio\u0301n. La empresa se encuentra fuertemente comprometida con el desarrollo [&hellip;]\" \/>\n<meta property=\"og:url\" content=\"https:\/\/www.sigdokoppers.cl\/en\/invertir-sk\/\" \/>\n<meta property=\"og:site_name\" content=\"Sigdo Koppers\" \/>\n<meta property=\"article:modified_time\" content=\"2024-12-03T22:52:17+00:00\" \/>\n<meta name=\"twitter:card\" content=\"summary_large_image\" \/>\n<meta name=\"twitter:label1\" content=\"Est. reading time\" \/>\n\t<meta name=\"twitter:data1\" content=\"2 minutes\" \/>\n<script type=\"application\/ld+json\" class=\"yoast-schema-graph\">{\"@context\":\"https:\/\/schema.org\",\"@graph\":[{\"@type\":\"WebPage\",\"@id\":\"https:\/\/www.sigdokoppers.cl\/en\/invertir-sk\/\",\"url\":\"https:\/\/www.sigdokoppers.cl\/en\/invertir-sk\/\",\"name\":\"Investment Attractiveness - Sigdo Koppers\",\"isPartOf\":{\"@id\":\"https:\/\/www.sigdokoppers.cl\/#website\"},\"datePublished\":\"2021-08-26T15:19:34+00:00\",\"dateModified\":\"2024-12-03T22:52:17+00:00\",\"breadcrumb\":{\"@id\":\"https:\/\/www.sigdokoppers.cl\/en\/invertir-sk\/#breadcrumb\"},\"inLanguage\":\"en-US\",\"potentialAction\":[{\"@type\":\"ReadAction\",\"target\":[\"https:\/\/www.sigdokoppers.cl\/en\/invertir-sk\/\"]}]},{\"@type\":\"BreadcrumbList\",\"@id\":\"https:\/\/www.sigdokoppers.cl\/en\/invertir-sk\/#breadcrumb\",\"itemListElement\":[{\"@type\":\"ListItem\",\"position\":1,\"name\":\"Home\",\"item\":\"https:\/\/www.sigdokoppers.cl\/en\/\"},{\"@type\":\"ListItem\",\"position\":2,\"name\":\"Investment Attractiveness\"}]},{\"@type\":\"WebSite\",\"@id\":\"https:\/\/www.sigdokoppers.cl\/#website\",\"url\":\"https:\/\/www.sigdokoppers.cl\/\",\"name\":\"Sigdo Koppers\",\"description\":\"Sigdo Koppers sa\",\"potentialAction\":[{\"@type\":\"SearchAction\",\"target\":{\"@type\":\"EntryPoint\",\"urlTemplate\":\"https:\/\/www.sigdokoppers.cl\/?s={search_term_string}\"},\"query-input\":\"required name=search_term_string\"}],\"inLanguage\":\"en-US\"}]}<\/script>\n<!-- \/ Yoast SEO plugin. -->","yoast_head_json":{"title":"Investment Attractiveness - Sigdo Koppers","robots":{"index":"index","follow":"follow","max-snippet":"max-snippet:-1","max-image-preview":"max-image-preview:large","max-video-preview":"max-video-preview:-1"},"canonical":"https:\/\/www.sigdokoppers.cl\/en\/invertir-sk\/","og_locale":"en_US","og_type":"article","og_title":"Investment Attractiveness - Sigdo Koppers","og_description":"Por qu\u00e9 invertir en SK.L\u00edneas de negocio.Conoce como Sigdo Koppers implementa su modelo de negocio.QU\u00c9 SOMOS Y QU\u00c9 HACEMOS.Sigdo Koppers s.a. es una compan\u0303i\u0301a global y diversificada que ha logrado posicionarse en distintas industrias de intere\u0301s gracias a su capacidad de identificar nuevas oportunidades de inversio\u0301n. La empresa se encuentra fuertemente comprometida con el desarrollo [&hellip;]","og_url":"https:\/\/www.sigdokoppers.cl\/en\/invertir-sk\/","og_site_name":"Sigdo Koppers","article_modified_time":"2024-12-03T22:52:17+00:00","twitter_card":"summary_large_image","twitter_misc":{"Est. reading time":"2 minutes"},"schema":{"@context":"https:\/\/schema.org","@graph":[{"@type":"WebPage","@id":"https:\/\/www.sigdokoppers.cl\/en\/invertir-sk\/","url":"https:\/\/www.sigdokoppers.cl\/en\/invertir-sk\/","name":"Investment Attractiveness - Sigdo Koppers","isPartOf":{"@id":"https:\/\/www.sigdokoppers.cl\/#website"},"datePublished":"2021-08-26T15:19:34+00:00","dateModified":"2024-12-03T22:52:17+00:00","breadcrumb":{"@id":"https:\/\/www.sigdokoppers.cl\/en\/invertir-sk\/#breadcrumb"},"inLanguage":"en-US","potentialAction":[{"@type":"ReadAction","target":["https:\/\/www.sigdokoppers.cl\/en\/invertir-sk\/"]}]},{"@type":"BreadcrumbList","@id":"https:\/\/www.sigdokoppers.cl\/en\/invertir-sk\/#breadcrumb","itemListElement":[{"@type":"ListItem","position":1,"name":"Home","item":"https:\/\/www.sigdokoppers.cl\/en\/"},{"@type":"ListItem","position":2,"name":"Investment Attractiveness"}]},{"@type":"WebSite","@id":"https:\/\/www.sigdokoppers.cl\/#website","url":"https:\/\/www.sigdokoppers.cl\/","name":"Sigdo Koppers","description":"Sigdo Koppers sa","potentialAction":[{"@type":"SearchAction","target":{"@type":"EntryPoint","urlTemplate":"https:\/\/www.sigdokoppers.cl\/?s={search_term_string}"},"query-input":"required name=search_term_string"}],"inLanguage":"en-US"}]}},"_links":{"self":[{"href":"https:\/\/www.sigdokoppers.cl\/en\/wp-json\/wp\/v2\/pages\/2555"}],"collection":[{"href":"https:\/\/www.sigdokoppers.cl\/en\/wp-json\/wp\/v2\/pages"}],"about":[{"href":"https:\/\/www.sigdokoppers.cl\/en\/wp-json\/wp\/v2\/types\/page"}],"author":[{"embeddable":true,"href":"https:\/\/www.sigdokoppers.cl\/en\/wp-json\/wp\/v2\/users\/9"}],"replies":[{"embeddable":true,"href":"https:\/\/www.sigdokoppers.cl\/en\/wp-json\/wp\/v2\/comments?post=2555"}],"version-history":[{"count":36,"href":"https:\/\/www.sigdokoppers.cl\/en\/wp-json\/wp\/v2\/pages\/2555\/revisions"}],"predecessor-version":[{"id":26344,"href":"https:\/\/www.sigdokoppers.cl\/en\/wp-json\/wp\/v2\/pages\/2555\/revisions\/26344"}],"wp:attachment":[{"href":"https:\/\/www.sigdokoppers.cl\/en\/wp-json\/wp\/v2\/media?parent=2555"}],"curies":[{"name":"wp","href":"https:\/\/api.w.org\/{rel}","templated":true}]}}