{"id":2561,"date":"2021-08-24T16:23:51","date_gmt":"2021-08-24T16:23:51","guid":{"rendered":"https:\/\/www.sigdokoppers.cl\/quienes-somos\/colaboradores\/"},"modified":"2024-04-29T21:24:01","modified_gmt":"2024-04-29T21:24:01","slug":"colaboradores","status":"publish","type":"page","link":"https:\/\/www.sigdokoppers.cl\/en\/quienes-somos\/colaboradores\/","title":{"rendered":"Collaborators"},"content":{"rendered":"<p>Colaboradores.Nuestros<strong> Colaboradores<\/strong>.En Sigdo Koppers priorizamos la seguridad y la salud de los colaboradores, en un ambiente de desarrollo permanente..En Sigdo Koppers priorizamos la seguridad y la salud de los colaboradores, en un ambiente de desarrollo permanente..Desarrollo laboral.Sigdo Koppers busca entregar oportunidades de desarrollo permanente a sus colaboradores, en un ambiente donde se privilegia el respeto y el trabajo en equipo. A trav\u00e9s de la capacitaci\u00f3n, las personas pueden mejorar sus habilidades personales y t\u00e9cnicas, as\u00ed como tambi\u00e9n aportar a la base de conocimiento de la compa\u00f1\u00eda..Oportunidades<strong> laborales<\/strong>.Forma parte del grupo Sigdo Koppers.SKIC.Puerto Ventanas.Galer\u00eda<strong> de im\u00e1genes<\/strong>.Te invitamos a conocer los espacios en los que se desempe\u00f1an nuestros colaboradores..Fepasa.Enaex.Magotteaux.SKC<\/p>\n","protected":false},"excerpt":{"rendered":"<p>Colaboradores.Nuestros Colaboradores.En Sigdo Koppers priorizamos la seguridad y la salud de los colaboradores, en un ambiente de desarrollo permanente..En Sigdo Koppers priorizamos la seguridad y la salud de los colaboradores, en un ambiente de desarrollo permanente..Desarrollo laboral.Sigdo Koppers busca entregar oportunidades de desarrollo permanente a sus colaboradores, en un ambiente donde se privilegia el respeto [&hellip;]<\/p>\n","protected":false},"author":9,"featured_media":0,"parent":2560,"menu_order":0,"comment_status":"closed","ping_status":"closed","template":"about-us-collaborators","meta":[],"acf":[],"yoast_head":"<!-- This site is optimized with the Yoast SEO plugin v19.12 - https:\/\/yoast.com\/wordpress\/plugins\/seo\/ -->\n<title>Collaborators - Sigdo Koppers<\/title>\n<meta name=\"robots\" content=\"index, follow, max-snippet:-1, max-image-preview:large, max-video-preview:-1\" \/>\n<link rel=\"canonical\" href=\"https:\/\/www.sigdokoppers.cl\/en\/quienes-somos\/colaboradores\/\" \/>\n<meta property=\"og:locale\" content=\"en_US\" \/>\n<meta property=\"og:type\" content=\"article\" \/>\n<meta property=\"og:title\" content=\"Collaborators - Sigdo Koppers\" \/>\n<meta property=\"og:description\" content=\"Colaboradores.Nuestros Colaboradores.En Sigdo Koppers priorizamos la seguridad y la salud de los colaboradores, en un ambiente de desarrollo permanente..En Sigdo Koppers priorizamos la seguridad y la salud de los colaboradores, en un ambiente de desarrollo permanente..Desarrollo laboral.Sigdo Koppers busca entregar oportunidades de desarrollo permanente a sus colaboradores, en un ambiente donde se privilegia el respeto [&hellip;]\" \/>\n<meta property=\"og:url\" content=\"https:\/\/www.sigdokoppers.cl\/en\/quienes-somos\/colaboradores\/\" \/>\n<meta property=\"og:site_name\" content=\"Sigdo Koppers\" \/>\n<meta property=\"article:modified_time\" content=\"2024-04-29T21:24:01+00:00\" \/>\n<meta name=\"twitter:card\" content=\"summary_large_image\" \/>\n<meta name=\"twitter:label1\" content=\"Est. reading time\" \/>\n\t<meta name=\"twitter:data1\" content=\"1 minute\" \/>\n<script type=\"application\/ld+json\" class=\"yoast-schema-graph\">{\"@context\":\"https:\/\/schema.org\",\"@graph\":[{\"@type\":\"WebPage\",\"@id\":\"https:\/\/www.sigdokoppers.cl\/en\/quienes-somos\/colaboradores\/\",\"url\":\"https:\/\/www.sigdokoppers.cl\/en\/quienes-somos\/colaboradores\/\",\"name\":\"Collaborators - Sigdo Koppers\",\"isPartOf\":{\"@id\":\"https:\/\/www.sigdokoppers.cl\/#website\"},\"datePublished\":\"2021-08-24T16:23:51+00:00\",\"dateModified\":\"2024-04-29T21:24:01+00:00\",\"breadcrumb\":{\"@id\":\"https:\/\/www.sigdokoppers.cl\/en\/quienes-somos\/colaboradores\/#breadcrumb\"},\"inLanguage\":\"en-US\",\"potentialAction\":[{\"@type\":\"ReadAction\",\"target\":[\"https:\/\/www.sigdokoppers.cl\/en\/quienes-somos\/colaboradores\/\"]}]},{\"@type\":\"BreadcrumbList\",\"@id\":\"https:\/\/www.sigdokoppers.cl\/en\/quienes-somos\/colaboradores\/#breadcrumb\",\"itemListElement\":[{\"@type\":\"ListItem\",\"position\":1,\"name\":\"Home\",\"item\":\"https:\/\/www.sigdokoppers.cl\/en\/\"},{\"@type\":\"ListItem\",\"position\":2,\"name\":\"Quienes somos &#8211; nosotros\",\"item\":\"https:\/\/www.sigdokoppers.cl\/en\/quienes-somos\/\"},{\"@type\":\"ListItem\",\"position\":3,\"name\":\"Collaborators\"}]},{\"@type\":\"WebSite\",\"@id\":\"https:\/\/www.sigdokoppers.cl\/#website\",\"url\":\"https:\/\/www.sigdokoppers.cl\/\",\"name\":\"Sigdo Koppers\",\"description\":\"Sigdo Koppers sa\",\"potentialAction\":[{\"@type\":\"SearchAction\",\"target\":{\"@type\":\"EntryPoint\",\"urlTemplate\":\"https:\/\/www.sigdokoppers.cl\/?s={search_term_string}\"},\"query-input\":\"required name=search_term_string\"}],\"inLanguage\":\"en-US\"}]}<\/script>\n<!-- \/ Yoast SEO plugin. -->","yoast_head_json":{"title":"Collaborators - Sigdo Koppers","robots":{"index":"index","follow":"follow","max-snippet":"max-snippet:-1","max-image-preview":"max-image-preview:large","max-video-preview":"max-video-preview:-1"},"canonical":"https:\/\/www.sigdokoppers.cl\/en\/quienes-somos\/colaboradores\/","og_locale":"en_US","og_type":"article","og_title":"Collaborators - Sigdo Koppers","og_description":"Colaboradores.Nuestros Colaboradores.En Sigdo Koppers priorizamos la seguridad y la salud de los colaboradores, en un ambiente de desarrollo permanente..En Sigdo Koppers priorizamos la seguridad y la salud de los colaboradores, en un ambiente de desarrollo permanente..Desarrollo laboral.Sigdo Koppers busca entregar oportunidades de desarrollo permanente a sus colaboradores, en un ambiente donde se privilegia el respeto [&hellip;]","og_url":"https:\/\/www.sigdokoppers.cl\/en\/quienes-somos\/colaboradores\/","og_site_name":"Sigdo Koppers","article_modified_time":"2024-04-29T21:24:01+00:00","twitter_card":"summary_large_image","twitter_misc":{"Est. reading time":"1 minute"},"schema":{"@context":"https:\/\/schema.org","@graph":[{"@type":"WebPage","@id":"https:\/\/www.sigdokoppers.cl\/en\/quienes-somos\/colaboradores\/","url":"https:\/\/www.sigdokoppers.cl\/en\/quienes-somos\/colaboradores\/","name":"Collaborators - Sigdo Koppers","isPartOf":{"@id":"https:\/\/www.sigdokoppers.cl\/#website"},"datePublished":"2021-08-24T16:23:51+00:00","dateModified":"2024-04-29T21:24:01+00:00","breadcrumb":{"@id":"https:\/\/www.sigdokoppers.cl\/en\/quienes-somos\/colaboradores\/#breadcrumb"},"inLanguage":"en-US","potentialAction":[{"@type":"ReadAction","target":["https:\/\/www.sigdokoppers.cl\/en\/quienes-somos\/colaboradores\/"]}]},{"@type":"BreadcrumbList","@id":"https:\/\/www.sigdokoppers.cl\/en\/quienes-somos\/colaboradores\/#breadcrumb","itemListElement":[{"@type":"ListItem","position":1,"name":"Home","item":"https:\/\/www.sigdokoppers.cl\/en\/"},{"@type":"ListItem","position":2,"name":"Quienes somos &#8211; nosotros","item":"https:\/\/www.sigdokoppers.cl\/en\/quienes-somos\/"},{"@type":"ListItem","position":3,"name":"Collaborators"}]},{"@type":"WebSite","@id":"https:\/\/www.sigdokoppers.cl\/#website","url":"https:\/\/www.sigdokoppers.cl\/","name":"Sigdo Koppers","description":"Sigdo Koppers sa","potentialAction":[{"@type":"SearchAction","target":{"@type":"EntryPoint","urlTemplate":"https:\/\/www.sigdokoppers.cl\/?s={search_term_string}"},"query-input":"required name=search_term_string"}],"inLanguage":"en-US"}]}},"_links":{"self":[{"href":"https:\/\/www.sigdokoppers.cl\/en\/wp-json\/wp\/v2\/pages\/2561"}],"collection":[{"href":"https:\/\/www.sigdokoppers.cl\/en\/wp-json\/wp\/v2\/pages"}],"about":[{"href":"https:\/\/www.sigdokoppers.cl\/en\/wp-json\/wp\/v2\/types\/page"}],"author":[{"embeddable":true,"href":"https:\/\/www.sigdokoppers.cl\/en\/wp-json\/wp\/v2\/users\/9"}],"replies":[{"embeddable":true,"href":"https:\/\/www.sigdokoppers.cl\/en\/wp-json\/wp\/v2\/comments?post=2561"}],"version-history":[{"count":12,"href":"https:\/\/www.sigdokoppers.cl\/en\/wp-json\/wp\/v2\/pages\/2561\/revisions"}],"predecessor-version":[{"id":25940,"href":"https:\/\/www.sigdokoppers.cl\/en\/wp-json\/wp\/v2\/pages\/2561\/revisions\/25940"}],"up":[{"embeddable":true,"href":"https:\/\/www.sigdokoppers.cl\/en\/wp-json\/wp\/v2\/pages\/2560"}],"wp:attachment":[{"href":"https:\/\/www.sigdokoppers.cl\/en\/wp-json\/wp\/v2\/media?parent=2561"}],"curies":[{"name":"wp","href":"https:\/\/api.w.org\/{rel}","templated":true}]}}