{"id":2562,"date":"2021-08-24T15:23:52","date_gmt":"2021-08-24T15:23:52","guid":{"rendered":"https:\/\/www.sigdokoppers.cl\/quienes-somos\/historia\/"},"modified":"2025-05-05T20:26:54","modified_gmt":"2025-05-05T20:26:54","slug":"historia","status":"publish","type":"page","link":"https:\/\/www.sigdokoppers.cl\/en\/quienes-somos\/historia\/","title":{"rendered":"Historia"},"content":{"rendered":"<p>Historia.Nuestros<strong> hitos<\/strong>..Creaci\u00f3n Ingenier\u00eda y Construcci\u00f3n Sigdo Koppers S.A..Grupo de ejecutivos de Ingenier\u00eda y Construcci\u00f3n Sigdo Koppers toma el control de la compa\u00f1\u00eda. El grupo controlador actual de Sigdo Koppers S.A. est\u00e1 basado en parte de dicho grupo de ejecutivos..Inicio de comercializaci\u00f3n de maquinaria industrial y agr\u00edcola a trav\u00e9s de SKComercial..Adquisici\u00f3n de CTI y Somela. \/\/ Inicio de comercializaci\u00f3n de autom\u00f3viles a trav\u00e9s de Comercial Itala..Ingreso a la propiedad y control de Enaex. \/\/ Inicio de actividades de SK Ecolog\u00eda, soluciones medioambientales. \/\/ Adquisici\u00f3n del negocio de l\u00ednea blanca en Argentina, Frimetal..Adquisici\u00f3n de la mayor\u00eda accionar\u00eda de Enaex. Expansi\u00f3n de sus operaciones al mercado peruano..Inicio de producci\u00f3n de pel\u00edculas pl\u00e1sticas de alta tecnolog\u00eda para la fabricaci\u00f3n de envases flexibles de alimentos, Sigdopack..Nuestra <strong>historia<\/strong>.En 1960, la empresa chilena Ingenieros Asociados Sigma Donoso se asocia con Koppers Co., con sede en Pittsburgh, Estados Unidos, yorman Ingenier\u00eda y Construcci\u00f3n Sigdo Koppers S.A., cimiento de lo que es hoy Sigdo Koppers S.A&#8230;SKC expande sus operaciones al negocio de arriendo de maquinaria a trav\u00e9s de SKC Rental. \/\/ Incursi\u00f3n de Ingenier\u00eda y Construcci\u00f3n Sigdo Koppers en Per\u00fa, a trav\u00e9s de SSK Montajes e Instalaciones..Inauguraci\u00f3n de la tercera planta de nitrato de amonio de Enaex, lo que signific\u00f3 duplicar sus activos productivos..Grupo espa\u00f1ol Berg\u00e9 ingresa como socio estrat\u00e9gico en las actividades de comercializaci\u00f3n automotriz. \/\/ Adquisici\u00f3n del control de Puerto Ventanas, puerto de carga a granel y de combustible..Adquisici\u00f3n de Fepasa, transporte ferroviario.<br \/>\n.Entra en operaciones la Compa\u00f1\u00eda de Hidr\u00f3geno B\u00edo-B\u00edo S.A. \/\/ Inicio de comercializaci\u00f3n de maquinaria Volvo en Argentina. \/\/ Ingreso al negocio de construcci\u00f3n de media envergadura a trav\u00e9s de Constructora Logro. \/\/ Creaci\u00f3n de SKBC, filial de SKBerg\u00e9. \/\/ Apertura a Bolsa de Sigdo Koppers S.A..Sigdopack inaugura en Chile planta de nylon biorientado (BOPA) \u00fanica en Latinoam\u00e9rica. \/\/ Creaci\u00f3n de SKC Rental en Per\u00fa. \/\/ SKBerg\u00e9 inicia la representaci\u00f3n y distribuci\u00f3n de KIA en Per\u00fa y Argentina. \/\/ SKC inicia la representaci\u00f3n de maquinaria Volvo en Per\u00fa. \/\/ Creaci\u00f3n de SK Industrial, filial de Ingenier\u00eda y Construcci\u00f3n Sigdo Koppers..Enaex inicia la ampliaci\u00f3n de su planta en Mejillones. \/\/ Sigdopack pone en marcha una nueva planta de BOPP en Argentina. \/\/ Frimetal comienza ampliaci\u00f3n de capacidad de su planta de refrigeradores y lavadoras autom\u00e1ticas de Rosario, Argentina. \/\/ SKBerg\u00e9 inicia la representaci\u00f3n y distribuci\u00f3n de Chery en Chile..Sigdopack inaugura nueva planta de BOPP en la localidad de Campana, Argentina. \/\/ SKBerg\u00e9 inicia la distribuci\u00f3n de la marca MG en Chile y Per\u00fa y se oficializa el acuerdo con Tata. \/\/ SKC crea las filiales Asiandina Motor y Comercial Asiandina.<br \/>\n.Inicio de comercializaci\u00f3n de veh\u00edculos Tata. \/\/ SKC crea las filiales Asiandina Motor y Comercial Asiandina para distribuir la marca de equipos SDLG. \/\/ Enaex recibe certificados de Bonos de Carbono por parte de la Organizaci\u00f3n de Naciones Unidas..Ingreso de SKBerg\u00e9 S.A. al mercado colombiano para representar las marcas del Grupo Chrysler. \/\/ Enaex S.A. pone en marcha la cuarta etapa de Prillex Am\u00e9rica, el mayor complejo petroqu\u00edmico de Producci\u00f3n de nitrato de amonio para la miner\u00eda a nivel mundial. \/\/ SKC Rental S.A. inicia operaciones en Brasil..Venta de CTI Compa\u00f1\u00eda Tecno Industrial S.A., a la empresa Electrolux. \/\/ Adquisici\u00f3n de la sociedad de origen belga Magotteaux Group. \/\/ Ingenier\u00eda y Construcci\u00f3n Sigdo Koppers S.A. adquiere la mayor\u00eda accionaria de Construcciones y Montajes COM S.A.. \/\/ Sigdo Koppers S.A. realiza aumento de capital por 275.000.000 nuevas acciones..Adquisici\u00f3n del 55%% de la propiedad de SABO Chile. \/\/ Sigdo Koppers S.A. realiza aumento de capital por US $453 millones. \/\/ Sigdo Koppers S.A. ingresa a la propiedad de Godelius S.A. \/\/ Inicio de operaciones de SKC Transporte S.A. \/\/ Emisi\u00f3n de bono corporativo de Sigdo Koppers S.A. por UF 2.000.000. \/\/ Sigdo Koppers S.A. a trav\u00e9s de Enaex ingresa a la propiedad de la firma brasile\u00f1a Britanite.<br \/>\n&#8211; SKC Rental S.A. expande sus operaciones a Colombia..SK Rental inicia operaciones en Colombia \/\/ Venta de Sigdopack S.A. y Sigdopack Argentina S.A. a la compa\u00f1\u00eda Oben Holding Group. \/\/ SKBerg\u00e9 inicia la representaci\u00f3n de Volvo en Colombia<br \/>\n.Sigdo Koppers adquiere el 45% restante de Sabo Chile \/\/ Enaex ingresa directamente a Per\u00fa a trav\u00e9s de compra de Chemtrade \/\/ Magotteaux inaugura en Tailandia una nueva planta con capacidad de 50.000 tons de bolas de molienda de alto cromo..Enaex emite bono por UF 2.500.000; adquiere el 66,6% de Britanite, alcanzando un 99,99% de su propiedad; adquiere el 90,82% de Davey Bickford, compa\u00f1\u00eda multinacional francesa l\u00edder en el mercado de detonadores electr\u00f3nicos. \/\/ Sigdo Koppers es seleccionado como una de las 12 empresas que formar\u00e1n parte del \u00edndice de sostenibilidad de la Bolsa de Santiago.<br \/>\n.Ingenier\u00eda y Construcci\u00f3n Sigdo Koppers S.A. (SKIC) adquiere la compa\u00f1\u00eda Dessau Chile Ingenier\u00eda, con el objetivo de incrementar su capacidad de ejecuci\u00f3n de proyectos EPC (Engineering, Procurement and Construction). \/\/ Puerto Ventanas S.A. inaugura su nueva bodega de graneles s\u00f3lidos \u201cLa Greda\u201d, con una capacidad de 46.000 toneladas de almacenamiento. \/\/ SKIC inicia operaciones en Brasil, mediante la asociaci\u00f3n con la empresa local Alumini, para la ejecuci\u00f3n de proyectos de transmisi\u00f3n de energ\u00eda. \/\/ SKBerg\u00e9 S.A. incorpora la marca Peugeot a sus operaciones en Colombia..Sigdo Koppers S.A. y China Railway Group Limited firman acuerdo de cooperaci\u00f3n para el desarrollo de proyectos de infraestructura en Chile y Latinoam\u00e9rica. \/\/ Culmina la construcci\u00f3n de un nuevo cargador y sistema de embarque de concentrado de cobre en Puerto Ventanas S.A. Con una inversi\u00f3n de US$35 millones, representa importantes ventajas competitivas para el puerto. \/\/ Enaex S.A. presenta Robominer y MineiTruck, innovaciones de teleoperaci\u00f3n y robotizaci\u00f3n que permiten una operaci\u00f3n m\u00e1s segura y acceder a recursos cuya explotaci\u00f3n era inviable. \/\/ Ingenier\u00eda y Construcci\u00f3n Sigdo Koppers S.A. se adjudica contratos por 1.357 km de l\u00edneas de alta tensi\u00f3n en Brasil. \/\/ Sigdo Koppers S.A. vende su participaci\u00f3n de 90% en Compa\u00f1\u00eda de Hidr\u00f3geno Bio Bio S.A. a la Empresa Nacional del Petroleo (ENAP), propietaria del 10%. El proyecto fue concebido como BOT (Build, Operate and Transfer) en 2005..Enaex concreta alianza estrat\u00e9gica con Grupo Gloria en Per\u00fa, al ingresar a la propiedad de Industrias Cachimayo, \u00fanico productor de nitrato de amonio en ese pa\u00eds. Con esto, Enaex contin\u00faa su consolidaci\u00f3n como uno de los mayores productores de nitrato de amonio de grado industrial a nivel mundial. \/\/ Magotteaux International S.A., ingresa a la propiedad de Grinding Media South Africa (GMSA), empresa sudafricana fabricante de bolas de molienda para la miner\u00eda. De esta forma profundiza su alianza con Scaw Metals Group, propietaria de GMSA. \/\/ PVSA inaugura su nuevo cargador y sistema de embarque de concentrado de cobre. \/\/ SKBerg\u00e9 inicia la representaci\u00f3n de Bentley Motors en Chile..Sigdo Koppers S.A. emite bono por UF 1.300.000 \/\/ SKBerg\u00e9 vende su participaci\u00f3n en el negocio de Santander Consumer Finance en Chile y en Per\u00fa.Enaex S.A. hace efectivo su ingreso como socio controlador de Enaex \/\/ \u00c1frica, Joint Venture formado por la Divisi\u00f3n de Explosivos de Sasol<br \/>\nSouth Africa Limited y Enaex S.A. \/\/ Enaex S.A. alcanza un acuerdo para la adquisici\u00f3n de Downer Blasting Services, filial de Servicios de Fragmentaci\u00f3n de Roca de la compa\u00f1\u00eda australiana Downer Group. \/\/ SK Godelius S.A., inicia un proceso de expansi\u00f3n internacional, con la apertura de oficina en Canad\u00e1 \/\/ Puerto Ventanas S.A. incorpora el sistema de amarre din\u00e1mico Shoretension, transform\u00e1ndose en el segundo puerto en Chile y tercero en Sudam\u00e9rica en contar con esta tecnolog\u00eda para mitigar el efecto de las marejadas. \/\/ ICSK S.A. se adjudica el primer contrato minero en Brasil, proyecto \/\/ Recambio de Molinos de Bola, para Companhia Vale do Rio Doce S.A.<\/p>\n","protected":false},"excerpt":{"rendered":"<p>Historia.Nuestros hitos..Creaci\u00f3n Ingenier\u00eda y Construcci\u00f3n Sigdo Koppers S.A..Grupo de ejecutivos de Ingenier\u00eda y Construcci\u00f3n Sigdo Koppers toma el control de la compa\u00f1\u00eda. El grupo controlador actual de Sigdo Koppers S.A. est\u00e1 basado en parte de dicho grupo de ejecutivos..Inicio de comercializaci\u00f3n de maquinaria industrial y agr\u00edcola a trav\u00e9s de SKComercial..Adquisici\u00f3n de CTI y Somela. \/\/ [&hellip;]<\/p>\n","protected":false},"author":9,"featured_media":0,"parent":2560,"menu_order":0,"comment_status":"closed","ping_status":"closed","template":"about-us-history","meta":[],"acf":[],"yoast_head":"<!-- This site is optimized with the Yoast SEO plugin v19.12 - https:\/\/yoast.com\/wordpress\/plugins\/seo\/ -->\n<title>Historia - Sigdo Koppers<\/title>\n<meta name=\"robots\" content=\"index, follow, max-snippet:-1, max-image-preview:large, max-video-preview:-1\" \/>\n<link rel=\"canonical\" href=\"https:\/\/www.sigdokoppers.cl\/en\/quienes-somos\/historia\/\" \/>\n<meta property=\"og:locale\" content=\"en_US\" \/>\n<meta property=\"og:type\" content=\"article\" \/>\n<meta property=\"og:title\" content=\"Historia - Sigdo Koppers\" \/>\n<meta property=\"og:description\" content=\"Historia.Nuestros hitos..Creaci\u00f3n Ingenier\u00eda y Construcci\u00f3n Sigdo Koppers S.A..Grupo de ejecutivos de Ingenier\u00eda y Construcci\u00f3n Sigdo Koppers toma el control de la compa\u00f1\u00eda. El grupo controlador actual de Sigdo Koppers S.A. est\u00e1 basado en parte de dicho grupo de ejecutivos..Inicio de comercializaci\u00f3n de maquinaria industrial y agr\u00edcola a trav\u00e9s de SKComercial..Adquisici\u00f3n de CTI y Somela. \/\/ [&hellip;]\" \/>\n<meta property=\"og:url\" content=\"https:\/\/www.sigdokoppers.cl\/en\/quienes-somos\/historia\/\" \/>\n<meta property=\"og:site_name\" content=\"Sigdo Koppers\" \/>\n<meta property=\"article:modified_time\" content=\"2025-05-05T20:26:54+00:00\" \/>\n<meta name=\"twitter:card\" content=\"summary_large_image\" \/>\n<meta name=\"twitter:label1\" content=\"Est. reading time\" \/>\n\t<meta name=\"twitter:data1\" content=\"6 minutes\" \/>\n<script type=\"application\/ld+json\" class=\"yoast-schema-graph\">{\"@context\":\"https:\/\/schema.org\",\"@graph\":[{\"@type\":\"WebPage\",\"@id\":\"https:\/\/www.sigdokoppers.cl\/en\/quienes-somos\/historia\/\",\"url\":\"https:\/\/www.sigdokoppers.cl\/en\/quienes-somos\/historia\/\",\"name\":\"Historia - Sigdo Koppers\",\"isPartOf\":{\"@id\":\"https:\/\/www.sigdokoppers.cl\/#website\"},\"datePublished\":\"2021-08-24T15:23:52+00:00\",\"dateModified\":\"2025-05-05T20:26:54+00:00\",\"breadcrumb\":{\"@id\":\"https:\/\/www.sigdokoppers.cl\/en\/quienes-somos\/historia\/#breadcrumb\"},\"inLanguage\":\"en-US\",\"potentialAction\":[{\"@type\":\"ReadAction\",\"target\":[\"https:\/\/www.sigdokoppers.cl\/en\/quienes-somos\/historia\/\"]}]},{\"@type\":\"BreadcrumbList\",\"@id\":\"https:\/\/www.sigdokoppers.cl\/en\/quienes-somos\/historia\/#breadcrumb\",\"itemListElement\":[{\"@type\":\"ListItem\",\"position\":1,\"name\":\"Home\",\"item\":\"https:\/\/www.sigdokoppers.cl\/en\/\"},{\"@type\":\"ListItem\",\"position\":2,\"name\":\"Quienes somos &#8211; nosotros\",\"item\":\"https:\/\/www.sigdokoppers.cl\/en\/quienes-somos\/\"},{\"@type\":\"ListItem\",\"position\":3,\"name\":\"Historia\"}]},{\"@type\":\"WebSite\",\"@id\":\"https:\/\/www.sigdokoppers.cl\/#website\",\"url\":\"https:\/\/www.sigdokoppers.cl\/\",\"name\":\"Sigdo Koppers\",\"description\":\"Sigdo Koppers sa\",\"potentialAction\":[{\"@type\":\"SearchAction\",\"target\":{\"@type\":\"EntryPoint\",\"urlTemplate\":\"https:\/\/www.sigdokoppers.cl\/?s={search_term_string}\"},\"query-input\":\"required name=search_term_string\"}],\"inLanguage\":\"en-US\"}]}<\/script>\n<!-- \/ Yoast SEO plugin. -->","yoast_head_json":{"title":"Historia - Sigdo Koppers","robots":{"index":"index","follow":"follow","max-snippet":"max-snippet:-1","max-image-preview":"max-image-preview:large","max-video-preview":"max-video-preview:-1"},"canonical":"https:\/\/www.sigdokoppers.cl\/en\/quienes-somos\/historia\/","og_locale":"en_US","og_type":"article","og_title":"Historia - Sigdo Koppers","og_description":"Historia.Nuestros hitos..Creaci\u00f3n Ingenier\u00eda y Construcci\u00f3n Sigdo Koppers S.A..Grupo de ejecutivos de Ingenier\u00eda y Construcci\u00f3n Sigdo Koppers toma el control de la compa\u00f1\u00eda. El grupo controlador actual de Sigdo Koppers S.A. est\u00e1 basado en parte de dicho grupo de ejecutivos..Inicio de comercializaci\u00f3n de maquinaria industrial y agr\u00edcola a trav\u00e9s de SKComercial..Adquisici\u00f3n de CTI y Somela. \/\/ [&hellip;]","og_url":"https:\/\/www.sigdokoppers.cl\/en\/quienes-somos\/historia\/","og_site_name":"Sigdo Koppers","article_modified_time":"2025-05-05T20:26:54+00:00","twitter_card":"summary_large_image","twitter_misc":{"Est. reading time":"6 minutes"},"schema":{"@context":"https:\/\/schema.org","@graph":[{"@type":"WebPage","@id":"https:\/\/www.sigdokoppers.cl\/en\/quienes-somos\/historia\/","url":"https:\/\/www.sigdokoppers.cl\/en\/quienes-somos\/historia\/","name":"Historia - Sigdo Koppers","isPartOf":{"@id":"https:\/\/www.sigdokoppers.cl\/#website"},"datePublished":"2021-08-24T15:23:52+00:00","dateModified":"2025-05-05T20:26:54+00:00","breadcrumb":{"@id":"https:\/\/www.sigdokoppers.cl\/en\/quienes-somos\/historia\/#breadcrumb"},"inLanguage":"en-US","potentialAction":[{"@type":"ReadAction","target":["https:\/\/www.sigdokoppers.cl\/en\/quienes-somos\/historia\/"]}]},{"@type":"BreadcrumbList","@id":"https:\/\/www.sigdokoppers.cl\/en\/quienes-somos\/historia\/#breadcrumb","itemListElement":[{"@type":"ListItem","position":1,"name":"Home","item":"https:\/\/www.sigdokoppers.cl\/en\/"},{"@type":"ListItem","position":2,"name":"Quienes somos &#8211; nosotros","item":"https:\/\/www.sigdokoppers.cl\/en\/quienes-somos\/"},{"@type":"ListItem","position":3,"name":"Historia"}]},{"@type":"WebSite","@id":"https:\/\/www.sigdokoppers.cl\/#website","url":"https:\/\/www.sigdokoppers.cl\/","name":"Sigdo Koppers","description":"Sigdo Koppers sa","potentialAction":[{"@type":"SearchAction","target":{"@type":"EntryPoint","urlTemplate":"https:\/\/www.sigdokoppers.cl\/?s={search_term_string}"},"query-input":"required name=search_term_string"}],"inLanguage":"en-US"}]}},"_links":{"self":[{"href":"https:\/\/www.sigdokoppers.cl\/en\/wp-json\/wp\/v2\/pages\/2562"}],"collection":[{"href":"https:\/\/www.sigdokoppers.cl\/en\/wp-json\/wp\/v2\/pages"}],"about":[{"href":"https:\/\/www.sigdokoppers.cl\/en\/wp-json\/wp\/v2\/types\/page"}],"author":[{"embeddable":true,"href":"https:\/\/www.sigdokoppers.cl\/en\/wp-json\/wp\/v2\/users\/9"}],"replies":[{"embeddable":true,"href":"https:\/\/www.sigdokoppers.cl\/en\/wp-json\/wp\/v2\/comments?post=2562"}],"version-history":[{"count":16,"href":"https:\/\/www.sigdokoppers.cl\/en\/wp-json\/wp\/v2\/pages\/2562\/revisions"}],"predecessor-version":[{"id":26519,"href":"https:\/\/www.sigdokoppers.cl\/en\/wp-json\/wp\/v2\/pages\/2562\/revisions\/26519"}],"up":[{"embeddable":true,"href":"https:\/\/www.sigdokoppers.cl\/en\/wp-json\/wp\/v2\/pages\/2560"}],"wp:attachment":[{"href":"https:\/\/www.sigdokoppers.cl\/en\/wp-json\/wp\/v2\/media?parent=2562"}],"curies":[{"name":"wp","href":"https:\/\/api.w.org\/{rel}","templated":true}]}}