{"id":2566,"date":"2021-10-01T20:47:09","date_gmt":"2021-10-01T20:47:09","guid":{"rendered":"https:\/\/www.sigdokoppers.cl\/sostenibilidad\/area-ambiental\/"},"modified":"2024-05-07T20:20:57","modified_gmt":"2024-05-07T20:20:57","slug":"area-ambiental","status":"publish","type":"page","link":"https:\/\/www.sigdokoppers.cl\/en\/sostenibilidad\/area-ambiental\/","title":{"rendered":"environmental area"},"content":{"rendered":"<p>\u00c1rea ambiental.Descripci\u00f3n.En l\u00ednea con los desaf\u00edos ambientales de la regi\u00f3n, Sigdo Koppers mantiene un monitoreo permanente tanto de los impactos ambientales que las compa\u00f1\u00edas del Grupo generan, como de los sistemas de gesti\u00f3n ambiental implementados por \u00e9stas..\u00faltimos <strong>reportes<\/strong>.Lorem ipsum dolor sit amet, consectetur adipiscing elit. Augue nulla vitae ultrices viverra enim mattis. Eu, ultricies neque pretium, magna a dui purus massa enim. Integer ipsum cras quis arcu ac..Cifras <strong>relevantes<\/strong>..toneladas de residuos fueron reutilizados\/reciclados.fue el consumo total de las empresas del Grupo Sigdo Koppers durante el 2020.invertidos en proyectos o mejoras ambientales.Nuestro <strong>compromiso<\/strong>.Para elevar nuestros est\u00e1ndares en materias relevantes, hemos introducido la eficiencia energ\u00e9tica como un pilar activo en la gesti\u00f3n estrat\u00e9gica del negocio..Iniciativas.Durante 2020, el Grupo implement\u00f3 una serie de medidas con el objetivo de reducir el consumo de energ\u00eda sin afectar la productividad..Producci\u00f3n responsable.Consumo de recursos h\u00eddricos, energ\u00e9ticos, generaci\u00f3n de residuos y de emisiones.<\/p>\n","protected":false},"excerpt":{"rendered":"<p>\u00c1rea ambiental.Descripci\u00f3n.En l\u00ednea con los desaf\u00edos ambientales de la regi\u00f3n, Sigdo Koppers mantiene un monitoreo permanente tanto de los impactos ambientales que las compa\u00f1\u00edas del Grupo generan, como de los sistemas de gesti\u00f3n ambiental implementados por \u00e9stas..\u00faltimos reportes.Lorem ipsum dolor sit amet, consectetur adipiscing elit. Augue nulla vitae ultrices viverra enim mattis. Eu, ultricies neque [&hellip;]<\/p>\n","protected":false},"author":9,"featured_media":0,"parent":2565,"menu_order":0,"comment_status":"closed","ping_status":"closed","template":"sustainable-environment","meta":[],"acf":[],"yoast_head":"<!-- This site is optimized with the Yoast SEO plugin v19.12 - https:\/\/yoast.com\/wordpress\/plugins\/seo\/ -->\n<title>environmental area - Sigdo Koppers<\/title>\n<meta name=\"robots\" content=\"index, follow, max-snippet:-1, max-image-preview:large, max-video-preview:-1\" \/>\n<link rel=\"canonical\" href=\"https:\/\/www.sigdokoppers.cl\/en\/sostenibilidad\/area-ambiental\/\" \/>\n<meta property=\"og:locale\" content=\"en_US\" \/>\n<meta property=\"og:type\" content=\"article\" \/>\n<meta property=\"og:title\" content=\"environmental area - Sigdo Koppers\" \/>\n<meta property=\"og:description\" content=\"\u00c1rea ambiental.Descripci\u00f3n.En l\u00ednea con los desaf\u00edos ambientales de la regi\u00f3n, Sigdo Koppers mantiene un monitoreo permanente tanto de los impactos ambientales que las compa\u00f1\u00edas del Grupo generan, como de los sistemas de gesti\u00f3n ambiental implementados por \u00e9stas..\u00faltimos reportes.Lorem ipsum dolor sit amet, consectetur adipiscing elit. Augue nulla vitae ultrices viverra enim mattis. Eu, ultricies neque [&hellip;]\" \/>\n<meta property=\"og:url\" content=\"https:\/\/www.sigdokoppers.cl\/en\/sostenibilidad\/area-ambiental\/\" \/>\n<meta property=\"og:site_name\" content=\"Sigdo Koppers\" \/>\n<meta property=\"article:modified_time\" content=\"2024-05-07T20:20:57+00:00\" \/>\n<meta name=\"twitter:card\" content=\"summary_large_image\" \/>\n<meta name=\"twitter:label1\" content=\"Est. reading time\" \/>\n\t<meta name=\"twitter:data1\" content=\"1 minute\" \/>\n<script type=\"application\/ld+json\" class=\"yoast-schema-graph\">{\"@context\":\"https:\/\/schema.org\",\"@graph\":[{\"@type\":\"WebPage\",\"@id\":\"https:\/\/www.sigdokoppers.cl\/en\/sostenibilidad\/area-ambiental\/\",\"url\":\"https:\/\/www.sigdokoppers.cl\/en\/sostenibilidad\/area-ambiental\/\",\"name\":\"environmental area - Sigdo Koppers\",\"isPartOf\":{\"@id\":\"https:\/\/www.sigdokoppers.cl\/#website\"},\"datePublished\":\"2021-10-01T20:47:09+00:00\",\"dateModified\":\"2024-05-07T20:20:57+00:00\",\"breadcrumb\":{\"@id\":\"https:\/\/www.sigdokoppers.cl\/en\/sostenibilidad\/area-ambiental\/#breadcrumb\"},\"inLanguage\":\"en-US\",\"potentialAction\":[{\"@type\":\"ReadAction\",\"target\":[\"https:\/\/www.sigdokoppers.cl\/en\/sostenibilidad\/area-ambiental\/\"]}]},{\"@type\":\"BreadcrumbList\",\"@id\":\"https:\/\/www.sigdokoppers.cl\/en\/sostenibilidad\/area-ambiental\/#breadcrumb\",\"itemListElement\":[{\"@type\":\"ListItem\",\"position\":1,\"name\":\"Home\",\"item\":\"https:\/\/www.sigdokoppers.cl\/en\/\"},{\"@type\":\"ListItem\",\"position\":2,\"name\":\"Sustainability\",\"item\":\"https:\/\/www.sigdokoppers.cl\/en\/sostenibilidad\/\"},{\"@type\":\"ListItem\",\"position\":3,\"name\":\"environmental area\"}]},{\"@type\":\"WebSite\",\"@id\":\"https:\/\/www.sigdokoppers.cl\/#website\",\"url\":\"https:\/\/www.sigdokoppers.cl\/\",\"name\":\"Sigdo Koppers\",\"description\":\"Sigdo Koppers sa\",\"potentialAction\":[{\"@type\":\"SearchAction\",\"target\":{\"@type\":\"EntryPoint\",\"urlTemplate\":\"https:\/\/www.sigdokoppers.cl\/?s={search_term_string}\"},\"query-input\":\"required name=search_term_string\"}],\"inLanguage\":\"en-US\"}]}<\/script>\n<!-- \/ Yoast SEO plugin. -->","yoast_head_json":{"title":"environmental area - Sigdo Koppers","robots":{"index":"index","follow":"follow","max-snippet":"max-snippet:-1","max-image-preview":"max-image-preview:large","max-video-preview":"max-video-preview:-1"},"canonical":"https:\/\/www.sigdokoppers.cl\/en\/sostenibilidad\/area-ambiental\/","og_locale":"en_US","og_type":"article","og_title":"environmental area - Sigdo Koppers","og_description":"\u00c1rea ambiental.Descripci\u00f3n.En l\u00ednea con los desaf\u00edos ambientales de la regi\u00f3n, Sigdo Koppers mantiene un monitoreo permanente tanto de los impactos ambientales que las compa\u00f1\u00edas del Grupo generan, como de los sistemas de gesti\u00f3n ambiental implementados por \u00e9stas..\u00faltimos reportes.Lorem ipsum dolor sit amet, consectetur adipiscing elit. Augue nulla vitae ultrices viverra enim mattis. Eu, ultricies neque [&hellip;]","og_url":"https:\/\/www.sigdokoppers.cl\/en\/sostenibilidad\/area-ambiental\/","og_site_name":"Sigdo Koppers","article_modified_time":"2024-05-07T20:20:57+00:00","twitter_card":"summary_large_image","twitter_misc":{"Est. reading time":"1 minute"},"schema":{"@context":"https:\/\/schema.org","@graph":[{"@type":"WebPage","@id":"https:\/\/www.sigdokoppers.cl\/en\/sostenibilidad\/area-ambiental\/","url":"https:\/\/www.sigdokoppers.cl\/en\/sostenibilidad\/area-ambiental\/","name":"environmental area - Sigdo Koppers","isPartOf":{"@id":"https:\/\/www.sigdokoppers.cl\/#website"},"datePublished":"2021-10-01T20:47:09+00:00","dateModified":"2024-05-07T20:20:57+00:00","breadcrumb":{"@id":"https:\/\/www.sigdokoppers.cl\/en\/sostenibilidad\/area-ambiental\/#breadcrumb"},"inLanguage":"en-US","potentialAction":[{"@type":"ReadAction","target":["https:\/\/www.sigdokoppers.cl\/en\/sostenibilidad\/area-ambiental\/"]}]},{"@type":"BreadcrumbList","@id":"https:\/\/www.sigdokoppers.cl\/en\/sostenibilidad\/area-ambiental\/#breadcrumb","itemListElement":[{"@type":"ListItem","position":1,"name":"Home","item":"https:\/\/www.sigdokoppers.cl\/en\/"},{"@type":"ListItem","position":2,"name":"Sustainability","item":"https:\/\/www.sigdokoppers.cl\/en\/sostenibilidad\/"},{"@type":"ListItem","position":3,"name":"environmental area"}]},{"@type":"WebSite","@id":"https:\/\/www.sigdokoppers.cl\/#website","url":"https:\/\/www.sigdokoppers.cl\/","name":"Sigdo Koppers","description":"Sigdo Koppers sa","potentialAction":[{"@type":"SearchAction","target":{"@type":"EntryPoint","urlTemplate":"https:\/\/www.sigdokoppers.cl\/?s={search_term_string}"},"query-input":"required name=search_term_string"}],"inLanguage":"en-US"}]}},"_links":{"self":[{"href":"https:\/\/www.sigdokoppers.cl\/en\/wp-json\/wp\/v2\/pages\/2566"}],"collection":[{"href":"https:\/\/www.sigdokoppers.cl\/en\/wp-json\/wp\/v2\/pages"}],"about":[{"href":"https:\/\/www.sigdokoppers.cl\/en\/wp-json\/wp\/v2\/types\/page"}],"author":[{"embeddable":true,"href":"https:\/\/www.sigdokoppers.cl\/en\/wp-json\/wp\/v2\/users\/9"}],"replies":[{"embeddable":true,"href":"https:\/\/www.sigdokoppers.cl\/en\/wp-json\/wp\/v2\/comments?post=2566"}],"version-history":[{"count":13,"href":"https:\/\/www.sigdokoppers.cl\/en\/wp-json\/wp\/v2\/pages\/2566\/revisions"}],"predecessor-version":[{"id":26058,"href":"https:\/\/www.sigdokoppers.cl\/en\/wp-json\/wp\/v2\/pages\/2566\/revisions\/26058"}],"up":[{"embeddable":true,"href":"https:\/\/www.sigdokoppers.cl\/en\/wp-json\/wp\/v2\/pages\/2565"}],"wp:attachment":[{"href":"https:\/\/www.sigdokoppers.cl\/en\/wp-json\/wp\/v2\/media?parent=2566"}],"curies":[{"name":"wp","href":"https:\/\/api.w.org\/{rel}","templated":true}]}}